{"id":1817,"date":"2020-06-11T15:25:45","date_gmt":"2020-06-11T13:25:45","guid":{"rendered":"http:\/\/kibodan2.i-strategi.pro\/startseite\/"},"modified":"2025-01-08T09:49:06","modified_gmt":"2025-01-08T08:49:06","slug":"startseite","status":"publish","type":"page","link":"https:\/\/kibodan.vps3.simplesolution.dk\/de\/","title":{"rendered":"Startseite"},"content":{"rendered":"\t\t<div data-elementor-type=\"wp-page\" data-elementor-id=\"1817\" class=\"elementor elementor-1817 elementor-41\" data-elementor-post-type=\"page\">\n\t\t\t\t\t\t<section class=\"elementor-section elementor-top-section elementor-element elementor-element-921c27b elementor-section-full_width elementor-section-height-default elementor-section-height-default\" data-id=\"921c27b\" data-element_type=\"section\">\n\t\t\t\t\t\t<div class=\"elementor-container elementor-column-gap-default\">\n\t\t\t\t\t<div class=\"elementor-column elementor-col-100 elementor-top-column elementor-element elementor-element-7865414\" data-id=\"7865414\" data-element_type=\"column\">\n\t\t\t<div class=\"elementor-widget-wrap elementor-element-populated\">\n\t\t\t\t\t\t<div class=\"elementor-element elementor-element-3870b15 elementor-pagination-position-outside elementor-hidden-phone elementor--v-position-middle elementor-widget elementor-widget-slides\" data-id=\"3870b15\" data-element_type=\"widget\" data-settings=\"{&quot;navigation&quot;:&quot;dots&quot;,&quot;autoplay&quot;:&quot;yes&quot;,&quot;pause_on_hover&quot;:&quot;yes&quot;,&quot;pause_on_interaction&quot;:&quot;yes&quot;,&quot;autoplay_speed&quot;:5000,&quot;infinite&quot;:&quot;yes&quot;,&quot;transition&quot;:&quot;slide&quot;,&quot;transition_speed&quot;:500}\" data-widget_type=\"slides.default\">\n\t\t\t\t<div class=\"elementor-widget-container\">\n\t\t\t\t\t<div class=\"elementor-swiper\">\n\t\t\t<div class=\"elementor-slides-wrapper elementor-main-swiper swiper\" dir=\"ltr\" data-animation=\"fadeInUp\">\n\t\t\t\t<div class=\"swiper-wrapper elementor-slides\">\n\t\t\t\t\t\t\t\t\t\t<div class=\"elementor-repeater-item-4b7e9cb swiper-slide\"><div class=\"swiper-slide-bg\" role=\"img\"><\/div><a class=\"swiper-slide-inner\" href=\"#elementor-action%3Aaction%3Dpopup%3Aopen%26settings%3DeyJpZCI6IjkxMzYiLCJ0b2dnbGUiOmZhbHNlfQ%3D%3D\"><div class=\"swiper-slide-contents\"><div class=\"elementor-slide-heading\">Kibodan<\/div><div class=\"elementor-slide-description\"><p>Visit our new webshop<\/p>\n<\/div><\/div><\/a><\/div><div class=\"elementor-repeater-item-7c7bc93 swiper-slide\"><div class=\"swiper-slide-bg\" role=\"img\"><\/div><a class=\"swiper-slide-inner\" href=\"https:\/\/kibodan.com\/about-our-products\/\"><div class=\"swiper-slide-contents\"><div class=\"elementor-slide-heading\">Language<\/div><div class=\"elementor-slide-description\"><p>Our products are available in over 20 different languages<\/p>\n<\/div><\/div><\/a><\/div><div class=\"elementor-repeater-item-6a72dc5 swiper-slide\"><div class=\"swiper-slide-bg\" role=\"img\"><\/div><a class=\"swiper-slide-inner\" href=\"https:\/\/kibodan.com\/products\/megamax\/\"><div class=\"swiper-slide-contents\"><div class=\"elementor-slide-heading\">Megamax<\/div><div class=\"elementor-slide-description\"><p>New! Extra large pill box<\/p>\n<\/div><\/div><\/a><\/div>\t\t\t\t<\/div>\n\t\t\t\t\t\t\t\t\t\t\t\t\t\t\t<div class=\"swiper-pagination\"><\/div>\n\t\t\t\t\t\t\t\t\t\t\t\t\t\t\t\t\t<\/div>\n\t\t<\/div>\n\t\t\t\t<\/div>\n\t\t\t\t<\/div>\n\t\t\t\t\t<\/div>\n\t\t<\/div>\n\t\t\t\t\t<\/div>\n\t\t<\/section>\n\t\t\t\t<section class=\"elementor-section elementor-top-section elementor-element elementor-element-374e6f8 elementor-section-boxed elementor-section-height-default elementor-section-height-default\" data-id=\"374e6f8\" data-element_type=\"section\">\n\t\t\t\t\t\t<div class=\"elementor-container elementor-column-gap-default\">\n\t\t\t\t\t<div class=\"elementor-column elementor-col-33 elementor-top-column elementor-element elementor-element-c7d2688\" data-id=\"c7d2688\" data-element_type=\"column\">\n\t\t\t<div class=\"elementor-widget-wrap elementor-element-populated\">\n\t\t\t\t\t\t<div class=\"elementor-element elementor-element-806bb0e elementor-widget elementor-widget-heading\" data-id=\"806bb0e\" data-element_type=\"widget\" data-widget_type=\"heading.default\">\n\t\t\t\t<div class=\"elementor-widget-container\">\n\t\t\t<h2 class=\"elementor-heading-title elementor-size-default\">Gucken Sie mal<\/h2>\t\t<\/div>\n\t\t\t\t<\/div>\n\t\t\t\t<div class=\"elementor-element elementor-element-f824fed elementor-grid-1 elementor-grid-tablet-1 elementor-grid-mobile-1 elementor-posts--thumbnail-top elementor-widget elementor-widget-posts\" data-id=\"f824fed\" data-element_type=\"widget\" data-settings=\"{&quot;classic_columns&quot;:&quot;1&quot;,&quot;classic_row_gap&quot;:{&quot;unit&quot;:&quot;px&quot;,&quot;size&quot;:&quot;&quot;,&quot;sizes&quot;:[]},&quot;classic_columns_tablet&quot;:&quot;1&quot;,&quot;classic_columns_mobile&quot;:&quot;1&quot;,&quot;classic_row_gap_tablet&quot;:{&quot;unit&quot;:&quot;px&quot;,&quot;size&quot;:&quot;&quot;,&quot;sizes&quot;:[]},&quot;classic_row_gap_mobile&quot;:{&quot;unit&quot;:&quot;px&quot;,&quot;size&quot;:&quot;&quot;,&quot;sizes&quot;:[]}}\" data-widget_type=\"posts.classic\">\n\t\t\t\t<div class=\"elementor-widget-container\">\n\t\t\t\t\t<div class=\"elementor-posts-container elementor-posts elementor-posts--skin-classic elementor-grid\">\n\t\t\t\t<article class=\"elementor-post elementor-grid-item post-1171 products type-products status-publish has-post-thumbnail hentry product-line-medidos\">\n\t\t\t\t<a class=\"elementor-post__thumbnail__link\" href=\"https:\/\/kibodan.vps3.simplesolution.dk\/de\/produkt\/medidos-nr-1-wildlife\/\" tabindex=\"-1\" >\n\t\t\t<div class=\"elementor-post__thumbnail\"><img fetchpriority=\"high\" decoding=\"async\" width=\"768\" height=\"510\" src=\"https:\/\/kibodan.vps3.simplesolution.dk\/wp-content\/uploads\/Medidose-XX-No1-Wild-Dark-Red-Closed-pill-dispenser-Kibodan-danish-design_1-768x510.png\" class=\"attachment-medium_large size-medium_large wp-image-733\" alt=\"\" srcset=\"https:\/\/kibodan.vps3.simplesolution.dk\/wp-content\/uploads\/Medidose-XX-No1-Wild-Dark-Red-Closed-pill-dispenser-Kibodan-danish-design_1-768x510.png 768w, https:\/\/kibodan.vps3.simplesolution.dk\/wp-content\/uploads\/Medidose-XX-No1-Wild-Dark-Red-Closed-pill-dispenser-Kibodan-danish-design_1-300x199.png 300w, https:\/\/kibodan.vps3.simplesolution.dk\/wp-content\/uploads\/Medidose-XX-No1-Wild-Dark-Red-Closed-pill-dispenser-Kibodan-danish-design_1-1024x680.png 1024w, https:\/\/kibodan.vps3.simplesolution.dk\/wp-content\/uploads\/Medidose-XX-No1-Wild-Dark-Red-Closed-pill-dispenser-Kibodan-danish-design_1.png 1366w\" sizes=\"(max-width: 768px) 100vw, 768px\" \/><\/div>\n\t\t<\/a>\n\t\t\t\t<div class=\"elementor-post__text\">\n\t\t\t\t<h2 class=\"elementor-post__title\">\n\t\t\t<a href=\"https:\/\/kibodan.vps3.simplesolution.dk\/de\/produkt\/medidos-nr-1-wildlife\/\" >\n\t\t\t\tMedidos Nr. 1 Wildlife\t\t\t<\/a>\n\t\t<\/h2>\n\t\t\t\t<div class=\"elementor-post__excerpt\">\n\t\t\t<p>Das Medidos Wochenset ist eine einfache M\u00f6glichkeit, Ihre Medikamente aufzubewahren, und eignet sich ideal f\u00fcr die Organisation einer moderaten Anzahl von Pillen f\u00fcr eine ganze Woche. Das Medidos Wochenset besteht aus 7 einzelnen Pillendosen, einer Pillendose f\u00fcr jeden Wochentag. Jede<\/p>\n\t\t<\/div>\n\t\t\n\t\t<a class=\"elementor-post__read-more\" href=\"https:\/\/kibodan.vps3.simplesolution.dk\/de\/produkt\/medidos-nr-1-wildlife\/\" aria-label=\"Read more about Medidos Nr. 1 Wildlife\" tabindex=\"-1\" >\n\t\t\tWeiterlesen\t\t<\/a>\n\n\t\t\t\t<\/div>\n\t\t\t\t<\/article>\n\t\t\t\t<\/div>\n\t\t\n\t\t\t\t<\/div>\n\t\t\t\t<\/div>\n\t\t\t\t\t<\/div>\n\t\t<\/div>\n\t\t\t\t<div class=\"elementor-column elementor-col-33 elementor-top-column elementor-element elementor-element-a2316c0\" data-id=\"a2316c0\" data-element_type=\"column\">\n\t\t\t<div class=\"elementor-widget-wrap elementor-element-populated\">\n\t\t\t\t\t\t<div class=\"elementor-element elementor-element-9fcccfb elementor-widget elementor-widget-heading\" data-id=\"9fcccfb\" data-element_type=\"widget\" data-widget_type=\"heading.default\">\n\t\t\t\t<div class=\"elementor-widget-container\">\n\t\t\t<h2 class=\"elementor-heading-title elementor-size-default\">Was gibt's neues?<\/h2>\t\t<\/div>\n\t\t\t\t<\/div>\n\t\t\t\t\t<\/div>\n\t\t<\/div>\n\t\t\t\t<div class=\"elementor-column elementor-col-33 elementor-top-column elementor-element elementor-element-1b45863\" data-id=\"1b45863\" data-element_type=\"column\">\n\t\t\t<div class=\"elementor-widget-wrap elementor-element-populated\">\n\t\t\t\t\t\t<div class=\"elementor-element elementor-element-49c26ae elementor-widget elementor-widget-heading\" data-id=\"49c26ae\" data-element_type=\"widget\" data-widget_type=\"heading.default\">\n\t\t\t\t<div class=\"elementor-widget-container\">\n\t\t\t<h2 class=\"elementor-heading-title elementor-size-default\">Wo kann ich eure Produkte kaufen?<\/h2>\t\t<\/div>\n\t\t\t\t<\/div>\n\t\t\t\t<div class=\"elementor-element elementor-element-456f8e8 elementor-widget elementor-widget-image\" data-id=\"456f8e8\" data-element_type=\"widget\" data-widget_type=\"image.default\">\n\t\t\t\t<div class=\"elementor-widget-container\">\n\t\t\t\t\t\t\t\t\t\t\t\t\t\t<a href=\"#elementor-action%3Aaction%3Dpopup%3Aopen%26settings%3DeyJpZCI6OTQwNSwidG9nZ2xlIjpmYWxzZX0%3D\">\n\t\t\t\t\t\t\t<img decoding=\"async\" width=\"768\" height=\"511\" src=\"https:\/\/kibodan.vps3.simplesolution.dk\/wp-content\/uploads\/icon-Artboard-2-768x511.png\" class=\"attachment-medium_large size-medium_large wp-image-9032\" alt=\"\" srcset=\"https:\/\/kibodan.vps3.simplesolution.dk\/wp-content\/uploads\/icon-Artboard-2-768x511.png 768w, https:\/\/kibodan.vps3.simplesolution.dk\/wp-content\/uploads\/icon-Artboard-2-300x199.png 300w, https:\/\/kibodan.vps3.simplesolution.dk\/wp-content\/uploads\/icon-Artboard-2-1024x681.png 1024w, https:\/\/kibodan.vps3.simplesolution.dk\/wp-content\/uploads\/icon-Artboard-2.png 1366w\" sizes=\"(max-width: 768px) 100vw, 768px\" \/>\t\t\t\t\t\t\t\t<\/a>\n\t\t\t\t\t\t\t\t\t\t\t\t\t<\/div>\n\t\t\t\t<\/div>\n\t\t\t\t<div class=\"elementor-element elementor-element-4df9182 elementor-widget elementor-widget-heading\" data-id=\"4df9182\" data-element_type=\"widget\" data-widget_type=\"heading.default\">\n\t\t\t\t<div class=\"elementor-widget-container\">\n\t\t\t<h3 class=\"elementor-heading-title elementor-size-default\"><a href=\"#elementor-action%3Aaction%3Dpopup%3Aopen%26settings%3DeyJpZCI6OTQwNSwidG9nZ2xlIjpmYWxzZX0%3D\">Produkte sind in unserem Webshop erh\u00e4ltlich!<\/a><\/h3>\t\t<\/div>\n\t\t\t\t<\/div>\n\t\t\t\t<div class=\"elementor-element elementor-element-5db02b6 elementor-widget elementor-widget-text-editor\" data-id=\"5db02b6\" data-element_type=\"widget\" data-widget_type=\"text-editor.default\">\n\t\t\t\t<div class=\"elementor-widget-container\">\n\t\t\t\t\t\t\t<p>Unsere Produkte sind auch in zahlreichen Apotheken in ganz Deutschland und anderen Teilen Europas erh\u00e4ltlich. Wenn Ihre lokale Apotheke unsere Produkte jedoch nicht auf Lager hat, k\u00f6nnen sie diese f\u00fcr Sie bestellen.<\/p>\n\t\t\t\t\t\t<\/div>\n\t\t\t\t<\/div>\n\t\t\t\t<div class=\"elementor-element elementor-element-a770d73 elementor-align-right elementor-widget elementor-widget-button\" data-id=\"a770d73\" data-element_type=\"widget\" data-widget_type=\"button.default\">\n\t\t\t\t<div class=\"elementor-widget-container\">\n\t\t\t\t\t<div class=\"elementor-button-wrapper\">\n\t\t\t<a class=\"elementor-button elementor-button-link elementor-size-sm\" href=\"https:\/\/kibodan.com\/de\/unsere-produkte\/\">\n\t\t\t\t\t\t<span class=\"elementor-button-content-wrapper\">\n\t\t\t\t\t\t\t\t\t<span class=\"elementor-button-text\">Weiterlesen<\/span>\n\t\t\t\t\t<\/span>\n\t\t\t\t\t<\/a>\n\t\t<\/div>\n\t\t\t\t<\/div>\n\t\t\t\t<\/div>\n\t\t\t\t\t<\/div>\n\t\t<\/div>\n\t\t\t\t\t<\/div>\n\t\t<\/section>\n\t\t\t\t<section class=\"elementor-section elementor-top-section elementor-element elementor-element-d004ff6 elementor-section-boxed elementor-section-height-default elementor-section-height-default\" data-id=\"d004ff6\" data-element_type=\"section\" data-settings=\"{&quot;background_background&quot;:&quot;classic&quot;}\">\n\t\t\t\t\t\t<div class=\"elementor-container elementor-column-gap-default\">\n\t\t\t\t\t<div class=\"elementor-column elementor-col-33 elementor-top-column elementor-element elementor-element-29b7fc9\" data-id=\"29b7fc9\" data-element_type=\"column\">\n\t\t\t<div class=\"elementor-widget-wrap elementor-element-populated\">\n\t\t\t\t\t\t<div class=\"elementor-element elementor-element-da2abe0 elementor-widget elementor-widget-image\" data-id=\"da2abe0\" data-element_type=\"widget\" data-widget_type=\"image.default\">\n\t\t\t\t<div class=\"elementor-widget-container\">\n\t\t\t\t\t\t\t\t\t\t\t\t\t<img decoding=\"async\" width=\"1000\" height=\"1000\" src=\"https:\/\/kibodan.vps3.simplesolution.dk\/wp-content\/uploads\/AAA-Silver-Square-2024-ENG-e1736326052667.jpg\" class=\"attachment-large size-large wp-image-9677\" alt=\"\" \/>\t\t\t\t\t\t\t\t\t\t\t\t\t<\/div>\n\t\t\t\t<\/div>\n\t\t\t\t\t<\/div>\n\t\t<\/div>\n\t\t\t\t<div class=\"elementor-column elementor-col-33 elementor-top-column elementor-element elementor-element-2b2aabd\" data-id=\"2b2aabd\" data-element_type=\"column\">\n\t\t\t<div class=\"elementor-widget-wrap elementor-element-populated\">\n\t\t\t\t\t\t<div class=\"elementor-element elementor-element-7531ead elementor-widget elementor-widget-image\" data-id=\"7531ead\" data-element_type=\"widget\" data-widget_type=\"image.default\">\n\t\t\t\t<div class=\"elementor-widget-container\">\n\t\t\t\t\t\t\t\t\t\t\t\t\t<img loading=\"lazy\" decoding=\"async\" width=\"800\" height=\"470\" src=\"https:\/\/kibodan.vps3.simplesolution.dk\/wp-content\/uploads\/sv22-logo-horisontal-copy.jpg\" class=\"attachment-large size-large wp-image-5887\" alt=\"\" srcset=\"https:\/\/kibodan.vps3.simplesolution.dk\/wp-content\/uploads\/sv22-logo-horisontal-copy.jpg 800w, https:\/\/kibodan.vps3.simplesolution.dk\/wp-content\/uploads\/sv22-logo-horisontal-copy-300x176.jpg 300w, https:\/\/kibodan.vps3.simplesolution.dk\/wp-content\/uploads\/sv22-logo-horisontal-copy-768x451.jpg 768w\" sizes=\"(max-width: 800px) 100vw, 800px\" \/>\t\t\t\t\t\t\t\t\t\t\t\t\t<\/div>\n\t\t\t\t<\/div>\n\t\t\t\t\t<\/div>\n\t\t<\/div>\n\t\t\t\t<div class=\"elementor-column elementor-col-33 elementor-top-column elementor-element elementor-element-1dc1e68\" data-id=\"1dc1e68\" data-element_type=\"column\">\n\t\t\t<div class=\"elementor-widget-wrap elementor-element-populated\">\n\t\t\t\t\t\t\t<\/div>\n\t\t<\/div>\n\t\t\t\t\t<\/div>\n\t\t<\/section>\n\t\t\t\t<\/div>\n\t\t","protected":false},"excerpt":{"rendered":"<p>Kibodan Visit our new webshop Language Our products are available in over 20 different languages Megamax New! Extra large pill box Gucken Sie mal Was gibt&#8217;s neues? Wo kann ich eure Produkte kaufen? Produkte sind in unserem Webshop erh\u00e4ltlich! Unsere Produkte sind auch in zahlreichen Apotheken in ganz Deutschland und anderen Teilen Europas erh\u00e4ltlich. Wenn [&hellip;]<\/p>\n","protected":false},"author":1,"featured_media":0,"parent":0,"menu_order":0,"comment_status":"closed","ping_status":"closed","template":"","meta":{"_acf_changed":false,"footnotes":""},"class_list":["post-1817","page","type-page","status-publish","hentry"],"acf":[],"yoast_head":"<!-- This site is optimized with the Yoast SEO plugin v23.9 - https:\/\/yoast.com\/wordpress\/plugins\/seo\/ -->\n<title>Startseite - Kibodan<\/title>\n<meta name=\"robots\" content=\"noindex, follow, max-snippet:-1, max-image-preview:large, max-video-preview:-1\" \/>\n<meta property=\"og:locale\" content=\"de_DE\" \/>\n<meta property=\"og:type\" content=\"article\" \/>\n<meta property=\"og:title\" content=\"Startseite - Kibodan\" \/>\n<meta property=\"og:description\" content=\"Kibodan ist ein traditionsreiches d\u00e4nisches Unternehmen, wo Qualit\u00e4t und Gesundheit an erster Stelle stehen. Mit unserer hauseigenen Produktion von hochqualitativen Dosierungssystemen wollen wir zum Kampf gegen fehlerhafte Medikation beitragen.\" \/>\n<meta property=\"og:url\" content=\"https:\/\/kibodan.vps3.simplesolution.dk\/de\/\" \/>\n<meta property=\"og:site_name\" content=\"Kibodan\" \/>\n<meta property=\"article:modified_time\" content=\"2025-01-08T08:49:06+00:00\" \/>\n<meta property=\"og:image\" content=\"https:\/\/kibodan.vps.simplesolution.dk\/wp-content\/uploads\/Hjemmeside-Post.png\" \/>\n<meta name=\"twitter:card\" content=\"summary_large_image\" \/>\n<meta name=\"twitter:label1\" content=\"Gesch\u00e4tzte Lesezeit\" \/>\n\t<meta name=\"twitter:data1\" content=\"4\u00a0Minuten\" \/>\n<script type=\"application\/ld+json\" class=\"yoast-schema-graph\">{\"@context\":\"https:\/\/schema.org\",\"@graph\":[{\"@type\":\"WebPage\",\"@id\":\"https:\/\/kibodan.vps3.simplesolution.dk\/de\/\",\"url\":\"https:\/\/kibodan.vps3.simplesolution.dk\/de\/\",\"name\":\"Startseite - Kibodan\",\"isPartOf\":{\"@id\":\"https:\/\/kibodan.vps3.simplesolution.dk\/de\/#website\"},\"primaryImageOfPage\":{\"@id\":\"https:\/\/kibodan.vps3.simplesolution.dk\/de\/#primaryimage\"},\"image\":{\"@id\":\"https:\/\/kibodan.vps3.simplesolution.dk\/de\/#primaryimage\"},\"thumbnailUrl\":\"https:\/\/kibodan.vps3.simplesolution.dk\/wp-content\/uploads\/icon-Artboard-2-768x511.png\",\"datePublished\":\"2020-06-11T13:25:45+00:00\",\"dateModified\":\"2025-01-08T08:49:06+00:00\",\"breadcrumb\":{\"@id\":\"https:\/\/kibodan.vps3.simplesolution.dk\/de\/#breadcrumb\"},\"inLanguage\":\"de\",\"potentialAction\":[{\"@type\":\"ReadAction\",\"target\":[\"https:\/\/kibodan.vps3.simplesolution.dk\/de\/\"]}]},{\"@type\":\"ImageObject\",\"inLanguage\":\"de\",\"@id\":\"https:\/\/kibodan.vps3.simplesolution.dk\/de\/#primaryimage\",\"url\":\"https:\/\/kibodan.vps3.simplesolution.dk\/wp-content\/uploads\/icon-Artboard-2-768x511.png\",\"contentUrl\":\"https:\/\/kibodan.vps3.simplesolution.dk\/wp-content\/uploads\/icon-Artboard-2-768x511.png\"},{\"@type\":\"BreadcrumbList\",\"@id\":\"https:\/\/kibodan.vps3.simplesolution.dk\/de\/#breadcrumb\",\"itemListElement\":[{\"@type\":\"ListItem\",\"position\":1,\"name\":\"Home\",\"item\":\"https:\/\/kibodan.vps3.simplesolution.dk\/de\/\"},{\"@type\":\"ListItem\",\"position\":2,\"name\":\"Startseite\"}]},{\"@type\":\"WebSite\",\"@id\":\"https:\/\/kibodan.vps3.simplesolution.dk\/de\/#website\",\"url\":\"https:\/\/kibodan.vps3.simplesolution.dk\/de\/\",\"name\":\"Kibodan\",\"description\":\"\",\"publisher\":{\"@id\":\"https:\/\/kibodan.vps3.simplesolution.dk\/de\/#organization\"},\"potentialAction\":[{\"@type\":\"SearchAction\",\"target\":{\"@type\":\"EntryPoint\",\"urlTemplate\":\"https:\/\/kibodan.vps3.simplesolution.dk\/de\/?s={search_term_string}\"},\"query-input\":{\"@type\":\"PropertyValueSpecification\",\"valueRequired\":true,\"valueName\":\"search_term_string\"}}],\"inLanguage\":\"de\"},{\"@type\":\"Organization\",\"@id\":\"https:\/\/kibodan.vps3.simplesolution.dk\/de\/#organization\",\"name\":\"Kibodan\",\"url\":\"https:\/\/kibodan.vps3.simplesolution.dk\/de\/\",\"logo\":{\"@type\":\"ImageObject\",\"inLanguage\":\"de\",\"@id\":\"https:\/\/kibodan.vps3.simplesolution.dk\/de\/#\/schema\/logo\/image\/\",\"url\":\"https:\/\/kibodan.vps3.simplesolution.dk\/wp-content\/uploads\/kibodan-logo-white.svg\",\"contentUrl\":\"https:\/\/kibodan.vps3.simplesolution.dk\/wp-content\/uploads\/kibodan-logo-white.svg\",\"caption\":\"Kibodan\"},\"image\":{\"@id\":\"https:\/\/kibodan.vps3.simplesolution.dk\/de\/#\/schema\/logo\/image\/\"}}]}<\/script>\n<!-- \/ Yoast SEO plugin. -->","yoast_head_json":{"title":"Startseite - Kibodan","robots":{"index":"noindex","follow":"follow","max-snippet":"max-snippet:-1","max-image-preview":"max-image-preview:large","max-video-preview":"max-video-preview:-1"},"og_locale":"de_DE","og_type":"article","og_title":"Startseite - Kibodan","og_description":"Kibodan ist ein traditionsreiches d\u00e4nisches Unternehmen, wo Qualit\u00e4t und Gesundheit an erster Stelle stehen. Mit unserer hauseigenen Produktion von hochqualitativen Dosierungssystemen wollen wir zum Kampf gegen fehlerhafte Medikation beitragen.","og_url":"https:\/\/kibodan.vps3.simplesolution.dk\/de\/","og_site_name":"Kibodan","article_modified_time":"2025-01-08T08:49:06+00:00","og_image":[{"url":"https:\/\/kibodan.vps.simplesolution.dk\/wp-content\/uploads\/Hjemmeside-Post.png"}],"twitter_card":"summary_large_image","twitter_misc":{"Gesch\u00e4tzte Lesezeit":"4\u00a0Minuten"},"schema":{"@context":"https:\/\/schema.org","@graph":[{"@type":"WebPage","@id":"https:\/\/kibodan.vps3.simplesolution.dk\/de\/","url":"https:\/\/kibodan.vps3.simplesolution.dk\/de\/","name":"Startseite - Kibodan","isPartOf":{"@id":"https:\/\/kibodan.vps3.simplesolution.dk\/de\/#website"},"primaryImageOfPage":{"@id":"https:\/\/kibodan.vps3.simplesolution.dk\/de\/#primaryimage"},"image":{"@id":"https:\/\/kibodan.vps3.simplesolution.dk\/de\/#primaryimage"},"thumbnailUrl":"https:\/\/kibodan.vps3.simplesolution.dk\/wp-content\/uploads\/icon-Artboard-2-768x511.png","datePublished":"2020-06-11T13:25:45+00:00","dateModified":"2025-01-08T08:49:06+00:00","breadcrumb":{"@id":"https:\/\/kibodan.vps3.simplesolution.dk\/de\/#breadcrumb"},"inLanguage":"de","potentialAction":[{"@type":"ReadAction","target":["https:\/\/kibodan.vps3.simplesolution.dk\/de\/"]}]},{"@type":"ImageObject","inLanguage":"de","@id":"https:\/\/kibodan.vps3.simplesolution.dk\/de\/#primaryimage","url":"https:\/\/kibodan.vps3.simplesolution.dk\/wp-content\/uploads\/icon-Artboard-2-768x511.png","contentUrl":"https:\/\/kibodan.vps3.simplesolution.dk\/wp-content\/uploads\/icon-Artboard-2-768x511.png"},{"@type":"BreadcrumbList","@id":"https:\/\/kibodan.vps3.simplesolution.dk\/de\/#breadcrumb","itemListElement":[{"@type":"ListItem","position":1,"name":"Home","item":"https:\/\/kibodan.vps3.simplesolution.dk\/de\/"},{"@type":"ListItem","position":2,"name":"Startseite"}]},{"@type":"WebSite","@id":"https:\/\/kibodan.vps3.simplesolution.dk\/de\/#website","url":"https:\/\/kibodan.vps3.simplesolution.dk\/de\/","name":"Kibodan","description":"","publisher":{"@id":"https:\/\/kibodan.vps3.simplesolution.dk\/de\/#organization"},"potentialAction":[{"@type":"SearchAction","target":{"@type":"EntryPoint","urlTemplate":"https:\/\/kibodan.vps3.simplesolution.dk\/de\/?s={search_term_string}"},"query-input":{"@type":"PropertyValueSpecification","valueRequired":true,"valueName":"search_term_string"}}],"inLanguage":"de"},{"@type":"Organization","@id":"https:\/\/kibodan.vps3.simplesolution.dk\/de\/#organization","name":"Kibodan","url":"https:\/\/kibodan.vps3.simplesolution.dk\/de\/","logo":{"@type":"ImageObject","inLanguage":"de","@id":"https:\/\/kibodan.vps3.simplesolution.dk\/de\/#\/schema\/logo\/image\/","url":"https:\/\/kibodan.vps3.simplesolution.dk\/wp-content\/uploads\/kibodan-logo-white.svg","contentUrl":"https:\/\/kibodan.vps3.simplesolution.dk\/wp-content\/uploads\/kibodan-logo-white.svg","caption":"Kibodan"},"image":{"@id":"https:\/\/kibodan.vps3.simplesolution.dk\/de\/#\/schema\/logo\/image\/"}}]}},"_links":{"self":[{"href":"https:\/\/kibodan.vps3.simplesolution.dk\/de\/wp-json\/wp\/v2\/pages\/1817","targetHints":{"allow":["GET"]}}],"collection":[{"href":"https:\/\/kibodan.vps3.simplesolution.dk\/de\/wp-json\/wp\/v2\/pages"}],"about":[{"href":"https:\/\/kibodan.vps3.simplesolution.dk\/de\/wp-json\/wp\/v2\/types\/page"}],"author":[{"embeddable":true,"href":"https:\/\/kibodan.vps3.simplesolution.dk\/de\/wp-json\/wp\/v2\/users\/1"}],"replies":[{"embeddable":true,"href":"https:\/\/kibodan.vps3.simplesolution.dk\/de\/wp-json\/wp\/v2\/comments?post=1817"}],"version-history":[{"count":58,"href":"https:\/\/kibodan.vps3.simplesolution.dk\/de\/wp-json\/wp\/v2\/pages\/1817\/revisions"}],"predecessor-version":[{"id":9685,"href":"https:\/\/kibodan.vps3.simplesolution.dk\/de\/wp-json\/wp\/v2\/pages\/1817\/revisions\/9685"}],"wp:attachment":[{"href":"https:\/\/kibodan.vps3.simplesolution.dk\/de\/wp-json\/wp\/v2\/media?parent=1817"}],"curies":[{"name":"wp","href":"https:\/\/api.w.org\/{rel}","templated":true}]}}