{"id":2256,"date":"2020-06-11T15:25:45","date_gmt":"2020-06-11T13:25:45","guid":{"rendered":"http:\/\/kibodan2.i-strategi.pro\/forside\/"},"modified":"2024-08-06T15:29:05","modified_gmt":"2024-08-06T13:29:05","slug":"forside","status":"publish","type":"page","link":"https:\/\/kibodan.vps3.simplesolution.dk\/da\/","title":{"rendered":"Forside"},"content":{"rendered":"\t\t<div data-elementor-type=\"wp-page\" data-elementor-id=\"2256\" class=\"elementor elementor-2256 elementor-41\" data-elementor-post-type=\"page\">\n\t\t\t\t\t\t<section class=\"elementor-section elementor-top-section elementor-element elementor-element-921c27b elementor-section-full_width elementor-section-height-default elementor-section-height-default\" data-id=\"921c27b\" data-element_type=\"section\">\n\t\t\t\t\t\t<div class=\"elementor-container elementor-column-gap-default\">\n\t\t\t\t\t<div class=\"elementor-column elementor-col-100 elementor-top-column elementor-element elementor-element-7865414\" data-id=\"7865414\" data-element_type=\"column\">\n\t\t\t<div class=\"elementor-widget-wrap elementor-element-populated\">\n\t\t\t\t\t\t<div class=\"elementor-element elementor-element-60d100b elementor-widget elementor-widget-video\" data-id=\"60d100b\" data-element_type=\"widget\" data-settings=\"{&quot;video_type&quot;:&quot;hosted&quot;,&quot;start&quot;:0,&quot;end&quot;:71,&quot;autoplay&quot;:&quot;yes&quot;,&quot;play_on_mobile&quot;:&quot;yes&quot;,&quot;loop&quot;:&quot;yes&quot;,&quot;controls&quot;:&quot;yes&quot;}\" data-widget_type=\"video.default\">\n\t\t\t\t<div class=\"elementor-widget-container\">\n\t\t\t\t\t<div class=\"e-hosted-video elementor-wrapper elementor-open-inline\">\n\t\t\t\t\t<video class=\"elementor-video\" src=\"https:\/\/kibodan.com\/wp-content\/uploads\/Kibodan-branding-film-DK.mp4#t=,71\" autoplay=\"\" loop=\"\" controls=\"\" playsinline=\"\" controlsList=\"nodownload\"><\/video>\n\t\t\t\t<\/div>\n\t\t\t\t<\/div>\n\t\t\t\t<\/div>\n\t\t\t\t\t<\/div>\n\t\t<\/div>\n\t\t\t\t\t<\/div>\n\t\t<\/section>\n\t\t\t\t<section class=\"elementor-section elementor-top-section elementor-element elementor-element-374e6f8 elementor-section-boxed elementor-section-height-default elementor-section-height-default\" data-id=\"374e6f8\" data-element_type=\"section\">\n\t\t\t\t\t\t<div class=\"elementor-container elementor-column-gap-default\">\n\t\t\t\t\t<div class=\"elementor-column elementor-col-33 elementor-top-column elementor-element elementor-element-c7d2688\" data-id=\"c7d2688\" data-element_type=\"column\">\n\t\t\t<div class=\"elementor-widget-wrap elementor-element-populated\">\n\t\t\t\t\t\t<div class=\"elementor-element elementor-element-806bb0e elementor-widget elementor-widget-heading\" data-id=\"806bb0e\" data-element_type=\"widget\" data-widget_type=\"heading.default\">\n\t\t\t\t<div class=\"elementor-widget-container\">\n\t\t\t<h2 class=\"elementor-heading-title elementor-size-default\">Se her<\/h2>\t\t<\/div>\n\t\t\t\t<\/div>\n\t\t\t\t<div class=\"elementor-element elementor-element-f824fed elementor-grid-1 elementor-grid-tablet-1 elementor-grid-mobile-1 elementor-posts--thumbnail-top elementor-widget elementor-widget-posts\" data-id=\"f824fed\" data-element_type=\"widget\" data-settings=\"{&quot;classic_columns&quot;:&quot;1&quot;,&quot;classic_row_gap&quot;:{&quot;unit&quot;:&quot;px&quot;,&quot;size&quot;:&quot;&quot;,&quot;sizes&quot;:[]},&quot;classic_columns_tablet&quot;:&quot;1&quot;,&quot;classic_columns_mobile&quot;:&quot;1&quot;,&quot;classic_row_gap_tablet&quot;:{&quot;unit&quot;:&quot;px&quot;,&quot;size&quot;:&quot;&quot;,&quot;sizes&quot;:[]},&quot;classic_row_gap_mobile&quot;:{&quot;unit&quot;:&quot;px&quot;,&quot;size&quot;:&quot;&quot;,&quot;sizes&quot;:[]}}\" data-widget_type=\"posts.classic\">\n\t\t\t\t<div class=\"elementor-widget-container\">\n\t\t\t\t\t<div class=\"elementor-posts-container elementor-posts elementor-posts--skin-classic elementor-grid\">\n\t\t\t\t<article class=\"elementor-post elementor-grid-item post-1124 products type-products status-publish has-post-thumbnail hentry product-line-medidos\">\n\t\t\t\t<a class=\"elementor-post__thumbnail__link\" href=\"https:\/\/kibodan.vps3.simplesolution.dk\/da\/produkt\/medidos-no-1-wildlife\/\" tabindex=\"-1\" >\n\t\t\t<div class=\"elementor-post__thumbnail\"><img fetchpriority=\"high\" decoding=\"async\" width=\"1024\" height=\"680\" src=\"https:\/\/kibodan.vps3.simplesolution.dk\/wp-content\/uploads\/Medidose-XX-No1-Wild-Dark-Red-Closed-pill-dispenser-Kibodan-danish-design_1-1024x680.png\" class=\"attachment-large size-large wp-image-732\" alt=\"\" srcset=\"https:\/\/kibodan.vps3.simplesolution.dk\/wp-content\/uploads\/Medidose-XX-No1-Wild-Dark-Red-Closed-pill-dispenser-Kibodan-danish-design_1-1024x680.png 1024w, https:\/\/kibodan.vps3.simplesolution.dk\/wp-content\/uploads\/Medidose-XX-No1-Wild-Dark-Red-Closed-pill-dispenser-Kibodan-danish-design_1-300x199.png 300w, https:\/\/kibodan.vps3.simplesolution.dk\/wp-content\/uploads\/Medidose-XX-No1-Wild-Dark-Red-Closed-pill-dispenser-Kibodan-danish-design_1-768x510.png 768w, https:\/\/kibodan.vps3.simplesolution.dk\/wp-content\/uploads\/Medidose-XX-No1-Wild-Dark-Red-Closed-pill-dispenser-Kibodan-danish-design_1.png 1366w\" sizes=\"(max-width: 1024px) 100vw, 1024px\" \/><\/div>\n\t\t<\/a>\n\t\t\t\t<div class=\"elementor-post__text\">\n\t\t\t\t<h2 class=\"elementor-post__title\">\n\t\t\t<a href=\"https:\/\/kibodan.vps3.simplesolution.dk\/da\/produkt\/medidos-no-1-wildlife\/\" >\n\t\t\t\tMedidos No. 1 Wildlife\t\t\t<\/a>\n\t\t<\/h2>\n\t\t\t\t<div class=\"elementor-post__excerpt\">\n\t\t\t<p>Medidos No. 1 uge s\u00e6t er en nem m\u00e5de at opbevare medicin p\u00e5 og er ideel til at organisere et lille til moderat antal piller til en hel uge. Medidos uge s\u00e6t best\u00e5r af syv individuelle pille\u00e6sker, hver \u00e6ske er<\/p>\n\t\t<\/div>\n\t\t\n\t\t<a class=\"elementor-post__read-more\" href=\"https:\/\/kibodan.vps3.simplesolution.dk\/da\/produkt\/medidos-no-1-wildlife\/\" aria-label=\"Read more about Medidos No. 1 Wildlife\" tabindex=\"-1\" >\n\t\t\tL\u00e6s mere\t\t<\/a>\n\n\t\t\t\t<\/div>\n\t\t\t\t<\/article>\n\t\t\t\t<\/div>\n\t\t\n\t\t\t\t<\/div>\n\t\t\t\t<\/div>\n\t\t\t\t\t<\/div>\n\t\t<\/div>\n\t\t\t\t<div class=\"elementor-column elementor-col-33 elementor-top-column elementor-element elementor-element-a2316c0\" data-id=\"a2316c0\" data-element_type=\"column\">\n\t\t\t<div class=\"elementor-widget-wrap elementor-element-populated\">\n\t\t\t\t\t\t<div class=\"elementor-element elementor-element-9fcccfb elementor-widget elementor-widget-heading\" data-id=\"9fcccfb\" data-element_type=\"widget\" data-widget_type=\"heading.default\">\n\t\t\t\t<div class=\"elementor-widget-container\">\n\t\t\t<h2 class=\"elementor-heading-title elementor-size-default\">Hvad er nyt?<\/h2>\t\t<\/div>\n\t\t\t\t<\/div>\n\t\t\t\t\t<\/div>\n\t\t<\/div>\n\t\t\t\t<div class=\"elementor-column elementor-col-33 elementor-top-column elementor-element elementor-element-1b45863\" data-id=\"1b45863\" data-element_type=\"column\">\n\t\t\t<div class=\"elementor-widget-wrap elementor-element-populated\">\n\t\t\t\t\t\t<div class=\"elementor-element elementor-element-49c26ae elementor-widget elementor-widget-heading\" data-id=\"49c26ae\" data-element_type=\"widget\" data-widget_type=\"heading.default\">\n\t\t\t\t<div class=\"elementor-widget-container\">\n\t\t\t<h2 class=\"elementor-heading-title elementor-size-default\">Hvor kan jeg k\u00f8be jeres produkter?\u200b<\/h2>\t\t<\/div>\n\t\t\t\t<\/div>\n\t\t\t\t<div class=\"elementor-element elementor-element-456f8e8 elementor-widget elementor-widget-image\" data-id=\"456f8e8\" data-element_type=\"widget\" data-widget_type=\"image.default\">\n\t\t\t\t<div class=\"elementor-widget-container\">\n\t\t\t\t\t\t\t\t\t\t\t\t\t\t<a href=\"#elementor-action%3Aaction%3Dpopup%3Aopen%26settings%3DeyJpZCI6OTQwMywidG9nZ2xlIjpmYWxzZX0%3D\">\n\t\t\t\t\t\t\t<img decoding=\"async\" width=\"768\" height=\"511\" src=\"https:\/\/kibodan.vps3.simplesolution.dk\/wp-content\/uploads\/icon-Artboard-2-768x511.png\" class=\"attachment-medium_large size-medium_large wp-image-9031\" alt=\"\" srcset=\"https:\/\/kibodan.vps3.simplesolution.dk\/wp-content\/uploads\/icon-Artboard-2-768x511.png 768w, https:\/\/kibodan.vps3.simplesolution.dk\/wp-content\/uploads\/icon-Artboard-2-300x199.png 300w, https:\/\/kibodan.vps3.simplesolution.dk\/wp-content\/uploads\/icon-Artboard-2-1024x681.png 1024w, https:\/\/kibodan.vps3.simplesolution.dk\/wp-content\/uploads\/icon-Artboard-2.png 1366w\" sizes=\"(max-width: 768px) 100vw, 768px\" \/>\t\t\t\t\t\t\t\t<\/a>\n\t\t\t\t\t\t\t\t\t\t\t\t\t<\/div>\n\t\t\t\t<\/div>\n\t\t\t\t<div class=\"elementor-element elementor-element-4df9182 elementor-widget elementor-widget-heading\" data-id=\"4df9182\" data-element_type=\"widget\" data-widget_type=\"heading.default\">\n\t\t\t\t<div class=\"elementor-widget-container\">\n\t\t\t<h3 class=\"elementor-heading-title elementor-size-default\"><a href=\"#elementor-action%3Aaction%3Dpopup%3Aopen%26settings%3DeyJpZCI6OTQwMywidG9nZ2xlIjpmYWxzZX0%3D\">Produkterne er tilg\u00e6ngelige i vores webshop!<\/a><\/h3>\t\t<\/div>\n\t\t\t\t<\/div>\n\t\t\t\t<div class=\"elementor-element elementor-element-5db02b6 elementor-widget elementor-widget-text-editor\" data-id=\"5db02b6\" data-element_type=\"widget\" data-widget_type=\"text-editor.default\">\n\t\t\t\t<div class=\"elementor-widget-container\">\n\t\t\t\t\t\t\t<p>Vores produkter er ogs\u00e5 tilg\u00e6ngelige p\u00e5 de fleste apoteker i hele Danmark. Hvis dit lokale apotek ikke har vores produkter p\u00e5 lager, kan de bestille dem hjem til dig.<\/p>\n\t\t\t\t\t\t<\/div>\n\t\t\t\t<\/div>\n\t\t\t\t<div class=\"elementor-element elementor-element-a770d73 elementor-align-right elementor-widget elementor-widget-button\" data-id=\"a770d73\" data-element_type=\"widget\" data-widget_type=\"button.default\">\n\t\t\t\t<div class=\"elementor-widget-container\">\n\t\t\t\t\t<div class=\"elementor-button-wrapper\">\n\t\t\t<a class=\"elementor-button elementor-button-link elementor-size-sm\" href=\"https:\/\/kibodan.com\/da\/vores-produkter\/\">\n\t\t\t\t\t\t<span class=\"elementor-button-content-wrapper\">\n\t\t\t\t\t\t\t\t\t<span class=\"elementor-button-text\">L\u00e6s mere<\/span>\n\t\t\t\t\t<\/span>\n\t\t\t\t\t<\/a>\n\t\t<\/div>\n\t\t\t\t<\/div>\n\t\t\t\t<\/div>\n\t\t\t\t\t<\/div>\n\t\t<\/div>\n\t\t\t\t\t<\/div>\n\t\t<\/section>\n\t\t\t\t<section class=\"elementor-section elementor-top-section elementor-element elementor-element-d004ff6 elementor-section-boxed elementor-section-height-default elementor-section-height-default\" data-id=\"d004ff6\" data-element_type=\"section\" data-settings=\"{&quot;background_background&quot;:&quot;classic&quot;}\">\n\t\t\t\t\t\t<div class=\"elementor-container elementor-column-gap-default\">\n\t\t\t\t\t<div class=\"elementor-column elementor-col-33 elementor-top-column elementor-element elementor-element-29b7fc9\" data-id=\"29b7fc9\" data-element_type=\"column\">\n\t\t\t<div class=\"elementor-widget-wrap elementor-element-populated\">\n\t\t\t\t\t\t<div class=\"elementor-element elementor-element-da2abe0 elementor-widget elementor-widget-image\" data-id=\"da2abe0\" data-element_type=\"widget\" data-widget_type=\"image.default\">\n\t\t\t\t<div class=\"elementor-widget-container\">\n\t\t\t\t\t\t\t\t\t\t\t\t\t<img decoding=\"async\" width=\"358\" height=\"162\" src=\"https:\/\/kibodan.vps3.simplesolution.dk\/wp-content\/uploads\/AAA-Bronze-2023-ENG.png\" class=\"attachment-large size-large wp-image-8165\" alt=\"\" srcset=\"https:\/\/kibodan.vps3.simplesolution.dk\/wp-content\/uploads\/AAA-Bronze-2023-ENG.png 358w, https:\/\/kibodan.vps3.simplesolution.dk\/wp-content\/uploads\/AAA-Bronze-2023-ENG-300x136.png 300w\" sizes=\"(max-width: 358px) 100vw, 358px\" \/>\t\t\t\t\t\t\t\t\t\t\t\t\t<\/div>\n\t\t\t\t<\/div>\n\t\t\t\t\t<\/div>\n\t\t<\/div>\n\t\t\t\t<div class=\"elementor-column elementor-col-33 elementor-top-column elementor-element elementor-element-2b2aabd\" data-id=\"2b2aabd\" data-element_type=\"column\">\n\t\t\t<div class=\"elementor-widget-wrap elementor-element-populated\">\n\t\t\t\t\t\t<div class=\"elementor-element elementor-element-7531ead elementor-widget elementor-widget-image\" data-id=\"7531ead\" data-element_type=\"widget\" data-widget_type=\"image.default\">\n\t\t\t\t<div class=\"elementor-widget-container\">\n\t\t\t\t\t\t\t\t\t\t\t\t\t<img loading=\"lazy\" decoding=\"async\" width=\"800\" height=\"470\" src=\"https:\/\/kibodan.vps3.simplesolution.dk\/wp-content\/uploads\/sv22-logo-horisontal-copy.jpg\" class=\"attachment-large size-large wp-image-5886\" alt=\"\" srcset=\"https:\/\/kibodan.vps3.simplesolution.dk\/wp-content\/uploads\/sv22-logo-horisontal-copy.jpg 800w, https:\/\/kibodan.vps3.simplesolution.dk\/wp-content\/uploads\/sv22-logo-horisontal-copy-300x176.jpg 300w, https:\/\/kibodan.vps3.simplesolution.dk\/wp-content\/uploads\/sv22-logo-horisontal-copy-768x451.jpg 768w\" sizes=\"(max-width: 800px) 100vw, 800px\" \/>\t\t\t\t\t\t\t\t\t\t\t\t\t<\/div>\n\t\t\t\t<\/div>\n\t\t\t\t\t<\/div>\n\t\t<\/div>\n\t\t\t\t<div class=\"elementor-column elementor-col-33 elementor-top-column elementor-element elementor-element-1dc1e68\" data-id=\"1dc1e68\" data-element_type=\"column\">\n\t\t\t<div class=\"elementor-widget-wrap elementor-element-populated\">\n\t\t\t\t\t\t\t<\/div>\n\t\t<\/div>\n\t\t\t\t\t<\/div>\n\t\t<\/section>\n\t\t\t\t<\/div>\n\t\t","protected":false},"excerpt":{"rendered":"<p>https:\/\/kibodan.com\/wp-content\/uploads\/Kibodan-branding-film-DK.mp4#t=,71 Se her Hvad er nyt? Hvor kan jeg k\u00f8be jeres produkter?\u200b Produkterne er tilg\u00e6ngelige i vores webshop! Vores produkter er ogs\u00e5 tilg\u00e6ngelige p\u00e5 de fleste apoteker i hele Danmark. Hvis dit lokale apotek ikke har vores produkter p\u00e5 lager, kan de bestille dem hjem til dig. L\u00e6s mere<\/p>\n","protected":false},"author":1,"featured_media":0,"parent":0,"menu_order":0,"comment_status":"closed","ping_status":"closed","template":"","meta":{"_acf_changed":false,"footnotes":""},"class_list":["post-2256","page","type-page","status-publish","hentry"],"acf":[],"yoast_head":"<!-- This site is optimized with the Yoast SEO plugin v23.9 - https:\/\/yoast.com\/wordpress\/plugins\/seo\/ -->\n<title>Forside - Kibodan<\/title>\n<meta name=\"robots\" content=\"noindex, follow, max-snippet:-1, max-image-preview:large, max-video-preview:-1\" \/>\n<meta property=\"og:locale\" content=\"da_DK\" \/>\n<meta property=\"og:type\" content=\"article\" \/>\n<meta property=\"og:title\" content=\"Homepage - Kibodan\" \/>\n<meta property=\"og:description\" content=\"Kibodan er en dansk virksomhed, hvor kvalitet og sundhed kommer f\u00f8rst. Med vores egen produktion af kvalitative doseringssystemer vil vi bidrage i kampen mod fejlmedicinering.\" \/>\n<meta property=\"og:url\" content=\"https:\/\/kibodan.vps3.simplesolution.dk\/da\/\" \/>\n<meta property=\"og:site_name\" content=\"Kibodan\" \/>\n<meta property=\"article:modified_time\" content=\"2024-08-06T13:29:05+00:00\" \/>\n<meta property=\"og:image\" content=\"https:\/\/kibodan.vps.simplesolution.dk\/wp-content\/uploads\/Hjemmeside-Post.png\" \/>\n<meta name=\"twitter:card\" content=\"summary_large_image\" \/>\n<meta name=\"twitter:label1\" content=\"Estimeret l\u00e6setid\" \/>\n\t<meta name=\"twitter:data1\" content=\"3 minutter\" \/>\n<script type=\"application\/ld+json\" class=\"yoast-schema-graph\">{\"@context\":\"https:\/\/schema.org\",\"@graph\":[{\"@type\":\"WebPage\",\"@id\":\"https:\/\/kibodan.vps3.simplesolution.dk\/da\/\",\"url\":\"https:\/\/kibodan.vps3.simplesolution.dk\/da\/\",\"name\":\"Forside - Kibodan\",\"isPartOf\":{\"@id\":\"https:\/\/kibodan.vps3.simplesolution.dk\/da\/#website\"},\"primaryImageOfPage\":{\"@id\":\"https:\/\/kibodan.vps3.simplesolution.dk\/da\/#primaryimage\"},\"image\":{\"@id\":\"https:\/\/kibodan.vps3.simplesolution.dk\/da\/#primaryimage\"},\"thumbnailUrl\":\"https:\/\/kibodan.vps3.simplesolution.dk\/wp-content\/uploads\/icon-Artboard-2-768x511.png\",\"datePublished\":\"2020-06-11T13:25:45+00:00\",\"dateModified\":\"2024-08-06T13:29:05+00:00\",\"breadcrumb\":{\"@id\":\"https:\/\/kibodan.vps3.simplesolution.dk\/da\/#breadcrumb\"},\"inLanguage\":\"da-DK\",\"potentialAction\":[{\"@type\":\"ReadAction\",\"target\":[\"https:\/\/kibodan.vps3.simplesolution.dk\/da\/\"]}]},{\"@type\":\"ImageObject\",\"inLanguage\":\"da-DK\",\"@id\":\"https:\/\/kibodan.vps3.simplesolution.dk\/da\/#primaryimage\",\"url\":\"https:\/\/kibodan.vps3.simplesolution.dk\/wp-content\/uploads\/icon-Artboard-2-768x511.png\",\"contentUrl\":\"https:\/\/kibodan.vps3.simplesolution.dk\/wp-content\/uploads\/icon-Artboard-2-768x511.png\"},{\"@type\":\"BreadcrumbList\",\"@id\":\"https:\/\/kibodan.vps3.simplesolution.dk\/da\/#breadcrumb\",\"itemListElement\":[{\"@type\":\"ListItem\",\"position\":1,\"name\":\"Home\",\"item\":\"https:\/\/kibodan.vps3.simplesolution.dk\/da\/\"},{\"@type\":\"ListItem\",\"position\":2,\"name\":\"Forside\"}]},{\"@type\":\"WebSite\",\"@id\":\"https:\/\/kibodan.vps3.simplesolution.dk\/da\/#website\",\"url\":\"https:\/\/kibodan.vps3.simplesolution.dk\/da\/\",\"name\":\"Kibodan\",\"description\":\"\",\"publisher\":{\"@id\":\"https:\/\/kibodan.vps3.simplesolution.dk\/da\/#organization\"},\"potentialAction\":[{\"@type\":\"SearchAction\",\"target\":{\"@type\":\"EntryPoint\",\"urlTemplate\":\"https:\/\/kibodan.vps3.simplesolution.dk\/da\/?s={search_term_string}\"},\"query-input\":{\"@type\":\"PropertyValueSpecification\",\"valueRequired\":true,\"valueName\":\"search_term_string\"}}],\"inLanguage\":\"da-DK\"},{\"@type\":\"Organization\",\"@id\":\"https:\/\/kibodan.vps3.simplesolution.dk\/da\/#organization\",\"name\":\"Kibodan\",\"url\":\"https:\/\/kibodan.vps3.simplesolution.dk\/da\/\",\"logo\":{\"@type\":\"ImageObject\",\"inLanguage\":\"da-DK\",\"@id\":\"https:\/\/kibodan.vps3.simplesolution.dk\/da\/#\/schema\/logo\/image\/\",\"url\":\"https:\/\/kibodan.vps3.simplesolution.dk\/wp-content\/uploads\/kibodan-logo-white.svg\",\"contentUrl\":\"https:\/\/kibodan.vps3.simplesolution.dk\/wp-content\/uploads\/kibodan-logo-white.svg\",\"caption\":\"Kibodan\"},\"image\":{\"@id\":\"https:\/\/kibodan.vps3.simplesolution.dk\/da\/#\/schema\/logo\/image\/\"}}]}<\/script>\n<!-- \/ Yoast SEO plugin. -->","yoast_head_json":{"title":"Forside - Kibodan","robots":{"index":"noindex","follow":"follow","max-snippet":"max-snippet:-1","max-image-preview":"max-image-preview:large","max-video-preview":"max-video-preview:-1"},"og_locale":"da_DK","og_type":"article","og_title":"Homepage - Kibodan","og_description":"Kibodan er en dansk virksomhed, hvor kvalitet og sundhed kommer f\u00f8rst. Med vores egen produktion af kvalitative doseringssystemer vil vi bidrage i kampen mod fejlmedicinering.","og_url":"https:\/\/kibodan.vps3.simplesolution.dk\/da\/","og_site_name":"Kibodan","article_modified_time":"2024-08-06T13:29:05+00:00","og_image":[{"url":"https:\/\/kibodan.vps.simplesolution.dk\/wp-content\/uploads\/Hjemmeside-Post.png"}],"twitter_card":"summary_large_image","twitter_misc":{"Estimeret l\u00e6setid":"3 minutter"},"schema":{"@context":"https:\/\/schema.org","@graph":[{"@type":"WebPage","@id":"https:\/\/kibodan.vps3.simplesolution.dk\/da\/","url":"https:\/\/kibodan.vps3.simplesolution.dk\/da\/","name":"Forside - Kibodan","isPartOf":{"@id":"https:\/\/kibodan.vps3.simplesolution.dk\/da\/#website"},"primaryImageOfPage":{"@id":"https:\/\/kibodan.vps3.simplesolution.dk\/da\/#primaryimage"},"image":{"@id":"https:\/\/kibodan.vps3.simplesolution.dk\/da\/#primaryimage"},"thumbnailUrl":"https:\/\/kibodan.vps3.simplesolution.dk\/wp-content\/uploads\/icon-Artboard-2-768x511.png","datePublished":"2020-06-11T13:25:45+00:00","dateModified":"2024-08-06T13:29:05+00:00","breadcrumb":{"@id":"https:\/\/kibodan.vps3.simplesolution.dk\/da\/#breadcrumb"},"inLanguage":"da-DK","potentialAction":[{"@type":"ReadAction","target":["https:\/\/kibodan.vps3.simplesolution.dk\/da\/"]}]},{"@type":"ImageObject","inLanguage":"da-DK","@id":"https:\/\/kibodan.vps3.simplesolution.dk\/da\/#primaryimage","url":"https:\/\/kibodan.vps3.simplesolution.dk\/wp-content\/uploads\/icon-Artboard-2-768x511.png","contentUrl":"https:\/\/kibodan.vps3.simplesolution.dk\/wp-content\/uploads\/icon-Artboard-2-768x511.png"},{"@type":"BreadcrumbList","@id":"https:\/\/kibodan.vps3.simplesolution.dk\/da\/#breadcrumb","itemListElement":[{"@type":"ListItem","position":1,"name":"Home","item":"https:\/\/kibodan.vps3.simplesolution.dk\/da\/"},{"@type":"ListItem","position":2,"name":"Forside"}]},{"@type":"WebSite","@id":"https:\/\/kibodan.vps3.simplesolution.dk\/da\/#website","url":"https:\/\/kibodan.vps3.simplesolution.dk\/da\/","name":"Kibodan","description":"","publisher":{"@id":"https:\/\/kibodan.vps3.simplesolution.dk\/da\/#organization"},"potentialAction":[{"@type":"SearchAction","target":{"@type":"EntryPoint","urlTemplate":"https:\/\/kibodan.vps3.simplesolution.dk\/da\/?s={search_term_string}"},"query-input":{"@type":"PropertyValueSpecification","valueRequired":true,"valueName":"search_term_string"}}],"inLanguage":"da-DK"},{"@type":"Organization","@id":"https:\/\/kibodan.vps3.simplesolution.dk\/da\/#organization","name":"Kibodan","url":"https:\/\/kibodan.vps3.simplesolution.dk\/da\/","logo":{"@type":"ImageObject","inLanguage":"da-DK","@id":"https:\/\/kibodan.vps3.simplesolution.dk\/da\/#\/schema\/logo\/image\/","url":"https:\/\/kibodan.vps3.simplesolution.dk\/wp-content\/uploads\/kibodan-logo-white.svg","contentUrl":"https:\/\/kibodan.vps3.simplesolution.dk\/wp-content\/uploads\/kibodan-logo-white.svg","caption":"Kibodan"},"image":{"@id":"https:\/\/kibodan.vps3.simplesolution.dk\/da\/#\/schema\/logo\/image\/"}}]}},"_links":{"self":[{"href":"https:\/\/kibodan.vps3.simplesolution.dk\/da\/wp-json\/wp\/v2\/pages\/2256","targetHints":{"allow":["GET"]}}],"collection":[{"href":"https:\/\/kibodan.vps3.simplesolution.dk\/da\/wp-json\/wp\/v2\/pages"}],"about":[{"href":"https:\/\/kibodan.vps3.simplesolution.dk\/da\/wp-json\/wp\/v2\/types\/page"}],"author":[{"embeddable":true,"href":"https:\/\/kibodan.vps3.simplesolution.dk\/da\/wp-json\/wp\/v2\/users\/1"}],"replies":[{"embeddable":true,"href":"https:\/\/kibodan.vps3.simplesolution.dk\/da\/wp-json\/wp\/v2\/comments?post=2256"}],"version-history":[{"count":59,"href":"https:\/\/kibodan.vps3.simplesolution.dk\/da\/wp-json\/wp\/v2\/pages\/2256\/revisions"}],"predecessor-version":[{"id":9483,"href":"https:\/\/kibodan.vps3.simplesolution.dk\/da\/wp-json\/wp\/v2\/pages\/2256\/revisions\/9483"}],"wp:attachment":[{"href":"https:\/\/kibodan.vps3.simplesolution.dk\/da\/wp-json\/wp\/v2\/media?parent=2256"}],"curies":[{"name":"wp","href":"https:\/\/api.w.org\/{rel}","templated":true}]}}